{"id":338,"date":"2019-02-21T08:47:27","date_gmt":"2019-02-21T08:47:27","guid":{"rendered":"http:\/\/www.interagencygames.org\/newsite\/?page_id=338"},"modified":"2019-04-22T21:47:48","modified_gmt":"2019-04-22T19:47:48","slug":"the-venues-2019","status":"publish","type":"page","link":"https:\/\/iag.mon-rezo.fr\/?page_id=338","title":{"rendered":"Sports venues"},"content":{"rendered":"\n<p>The sports venues for the Lisbon Inter-Agency Games 2019. <\/p>\n\n\n\n<div align=\"center\"><iframe loading=\"lazy\" src=\"https:\/\/www.google.com\/maps\/d\/embed?mid=1umC6sCP-2mZo55_wEVbD8EqQ0N9O-WAo\" width=\"640\" align=\"center\" height=\"480\"><\/iframe><\/div>\n\n\n\n<p><\/p>\n\n\n\n<table class=\"wp-block-table\"><tbody><tr><td>Athletics<\/td><td><a href=\"https:\/\/www.interagencygames.org\/newsite\/?p=315\">Est\u00e1dio Universit\u00e1rio de Lisboa<\/a><br><\/td><\/tr><tr><td>Badminton<\/td><td><a href=\"https:\/\/www.interagencygames.org\/newsite\/?p=315\">Est\u00e1dio Universit\u00e1rio de Lisboa<\/a><\/td><\/tr><tr><td>Basketball<\/td><td><a href=\"https:\/\/www.interagencygames.org\/newsite\/?p=323\">Inatel<\/a><\/td><\/tr><tr><td>Chess<\/td><td> <a href=\"https:\/\/www.tryplisboacaparica.com\/\">TRYP Lisboa Caparica Mar Hotel<\/a> <\/td><\/tr><tr><td>Cricket<\/td><td><a href=\"https:\/\/www.interagencygames.org\/newsite\/?p=315\">Est\u00e1dio Universit\u00e1rio de Lisboa<\/a><\/td><\/tr><tr><td>Darts<\/td><td><a href=\"https:\/\/www.marriott.de\/hotels\/travel\/lispt-lisbon-marriott-hotel\/\">Lisbon Marriott Hotel<\/a> <\/td><\/tr><tr><td>Football<\/td><td><a href=\"https:\/\/www.interagencygames.org\/newsite\/?p=315\">Est\u00e1dio Universit\u00e1rio de Lisboa<\/a><\/td><\/tr><tr><td>Golf<\/td><td><a href=\"https:\/\/www.interagencygames.org\/newsite\/?p=331\">Dolce CampoReal Lisboa<\/a><\/td><\/tr><tr><td>P\u00e9tanque<\/td><td><a href=\"https:\/\/www.interagencygames.org\/newsite\/?p=315\">Est\u00e1dio Universit\u00e1rio de Lisboa<\/a><\/td><\/tr><tr><td>Swimming<\/td><td><a href=\"https:\/\/www.interagencygames.org\/newsite\/?p=323\">Inatel<\/a><\/td><\/tr><tr><td>Table Tennis<\/td><td> <a href=\"https:\/\/www.interagencygames.org\/newsite\/?p=327\">Complexo Desportivo Municipal Casal Vistoso<\/a><\/td><\/tr><tr><td>Tennis<\/td><td><a href=\"https:\/\/www.interagencygames.org\/newsite\/?p=315\">Est\u00e1dio Universit\u00e1rio de Lisboa<\/a><\/td><\/tr><tr><td>Volleyball<\/td><td><a href=\"https:\/\/www.interagencygames.org\/newsite\/?p=315\">Est\u00e1dio Universit\u00e1rio de Lisboa<\/a><\/td><\/tr><\/tbody><\/table>\n","protected":false},"excerpt":{"rendered":"<p>The sports venues for the Lisbon Inter-Agency Games 2019. Athletics Est\u00e1dio Universit\u00e1rio de Lisboa Badminton Est\u00e1dio Universit\u00e1rio de Lisboa Basketball Inatel Chess TRYP Lisboa Caparica Mar Hotel Cricket Est\u00e1dio Universit\u00e1rio de Lisboa Darts Lisbon Marriott Hotel Football Est\u00e1dio Universit\u00e1rio de Lisboa Golf Dolce CampoReal Lisboa P\u00e9tanque Est\u00e1dio Universit\u00e1rio de Lisboa Swimming Inatel Table Tennis Complexo &#8230; <a title=\"Sports venues\" class=\"read-more\" href=\"https:\/\/iag.mon-rezo.fr\/?page_id=338\" aria-label=\"Read more about Sports venues\">Read more<\/a><\/p>\n","protected":false},"author":1,"featured_media":0,"parent":268,"menu_order":0,"comment_status":"closed","ping_status":"closed","template":"","meta":{"footnotes":""},"class_list":["post-338","page","type-page","status-publish"],"_links":{"self":[{"href":"https:\/\/iag.mon-rezo.fr\/index.php?rest_route=\/wp\/v2\/pages\/338","targetHints":{"allow":["GET"]}}],"collection":[{"href":"https:\/\/iag.mon-rezo.fr\/index.php?rest_route=\/wp\/v2\/pages"}],"about":[{"href":"https:\/\/iag.mon-rezo.fr\/index.php?rest_route=\/wp\/v2\/types\/page"}],"author":[{"embeddable":true,"href":"https:\/\/iag.mon-rezo.fr\/index.php?rest_route=\/wp\/v2\/users\/1"}],"replies":[{"embeddable":true,"href":"https:\/\/iag.mon-rezo.fr\/index.php?rest_route=%2Fwp%2Fv2%2Fcomments&post=338"}],"version-history":[{"count":10,"href":"https:\/\/iag.mon-rezo.fr\/index.php?rest_route=\/wp\/v2\/pages\/338\/revisions"}],"predecessor-version":[{"id":737,"href":"https:\/\/iag.mon-rezo.fr\/index.php?rest_route=\/wp\/v2\/pages\/338\/revisions\/737"}],"up":[{"embeddable":true,"href":"https:\/\/iag.mon-rezo.fr\/index.php?rest_route=\/wp\/v2\/pages\/268"}],"wp:attachment":[{"href":"https:\/\/iag.mon-rezo.fr\/index.php?rest_route=%2Fwp%2Fv2%2Fmedia&parent=338"}],"curies":[{"name":"wp","href":"https:\/\/api.w.org\/{rel}","templated":true}]}}