{"id":7117,"date":"2025-02-02T19:21:01","date_gmt":"2025-02-02T18:21:01","guid":{"rendered":"https:\/\/www.interagencygames.org\/newsite\/?page_id=7117"},"modified":"2026-03-24T17:42:55","modified_gmt":"2026-03-24T16:42:55","slug":"the-host-unesco","status":"publish","type":"page","link":"https:\/\/iag.mon-rezo.fr\/?page_id=7117","title":{"rendered":"The Host &#8211; UNESCO"},"content":{"rendered":"\n<p><em>Since wars begin in the minds of men and women, it is in the minds of men and women that the defences of peace must be constructed.<\/em> UNESCO Constitution<\/p>\n\n\n<div class=\"wp-block-image\">\n<figure class=\"aligncenter size-full is-resized\"><a href=\"https:\/\/www.unesco.org\/en\/brief\"><img decoding=\"async\" src=\"https:\/\/www.interagencygames.org\/newsite\/wp-content\/uploads\/2025\/02\/UNESCO_logo_hor_black-01.svg\" alt=\"\" class=\"wp-image-7246\" style=\"width:385px;height:auto\"\/><\/a><\/figure>\n<\/div>\n\n\n<h2 class=\"wp-block-heading\">What is UNESCO?<\/h2>\n\n\n\n<p>UNESCO, the United Nations Educational, Scientific and Cultural Organization, is a specialized agency dedicated to strengthening our shared humanity through the promotion of education, science, culture, and communication.<\/p>\n\n\n\n<p>We set standards, produce tools and develop knowledge to create solutions to some of the greatest challenges of our time, and foster a world of greater equality and peace.<\/p>\n\n\n\n<p>Protecting biodiversity, responding to artificial intelligence, advancing quality education, safeguarding heritage, and ensuring access to reliable information are some examples of the work that UNESCO does with its 194 Member States across the globe.<\/p>\n\n\n\n<div class=\"wp-block-buttons is-layout-flex wp-block-buttons-is-layout-flex\">\n<div class=\"wp-block-button\"><a class=\"wp-block-button__link has-background wp-element-button\" href=\"https:\/\/www.unesco.org\/en\/brief\" style=\"background:linear-gradient(135deg,rgb(0,0,0) 0%,rgb(112,112,112) 100%)\">More information<\/a><\/div>\n<\/div>\n\n\n\n<p class=\"has-medium-font-size\"><strong>UNESCO and Sports<\/strong><\/p>\n\n\n\n<p>UNESCO, as the United Nations\u2019 lead agency for physical education and sport, promotes the educational, cultural and social dimensions of sport and physical education<\/p>\n\n\n\n<p>The organization provides assistance, advisory services and guidance to the Member States wishing to elaborate or strengthen their sports policies.<\/p>\n\n\n\n<div class=\"wp-block-buttons is-layout-flex wp-block-buttons-is-layout-flex\">\n<div class=\"wp-block-button\"><a class=\"wp-block-button__link has-background wp-element-button\" href=\"https:\/\/www.unesco.org\/en\/sport-and-anti-doping?hub=355\" style=\"background:linear-gradient(135deg,rgb(0,0,0) 0%,rgb(112,112,112) 100%)\">More information<\/a><\/div>\n<\/div>\n\n\n\n<h2 class=\"wp-block-heading\">2025 Organizers<\/h2>\n\n\n<div class=\"wp-block-image is-style-default\">\n<figure class=\"aligncenter size-full\"><img decoding=\"async\" src=\"http:\/\/www.interagencygames.org\/newsite\/wp-content\/uploads\/2025\/02\/Team-UNESCO-002.jpg\" alt=\"\" class=\"wp-image-7215\"\/><figcaption class=\"wp-element-caption\"><em>From Left to right : Paul F\u00e9rard, Cyrille Leroy, Rapha\u00ebl Levy, Anne Hermelin-Lizet, Florence Calviac, Rapha\u00ebl Gomez de Cedron, Vincent Vaurette<\/em><\/figcaption><\/figure>\n<\/div>\n\n\n<div class=\"wp-block-buttons is-layout-flex wp-block-buttons-is-layout-flex\">\n<div class=\"wp-block-button has-custom-font-size has-small-font-size\"><a class=\"wp-block-button__link has-background wp-element-button\" href=\"https:\/\/www.interagencygames.org\/newsite\/?page_id=6968\" style=\"background:linear-gradient(135deg,rgb(252,185,0) 0%,rgb(188,23,130) 100%)\">Back to IAG 2025 Homepage<\/a><\/div>\n<\/div>\n\n\n\n<p><\/p>\n","protected":false},"excerpt":{"rendered":"<p>Since wars begin in the minds of men and women, it is in the minds of men and women that the defences of peace must be constructed. UNESCO Constitution What is UNESCO? UNESCO, the United Nations Educational, Scientific and Cultural Organization, is a specialized agency dedicated to strengthening our shared humanity through the promotion of &#8230; <a title=\"The Host &#8211; UNESCO\" class=\"read-more\" href=\"https:\/\/iag.mon-rezo.fr\/?page_id=7117\" aria-label=\"Read more about The Host &#8211; UNESCO\">Read more<\/a><\/p>\n","protected":false},"author":15,"featured_media":7118,"parent":6968,"menu_order":0,"comment_status":"closed","ping_status":"closed","template":"","meta":{"footnotes":""},"class_list":["post-7117","page","type-page","status-publish","has-post-thumbnail"],"_links":{"self":[{"href":"https:\/\/iag.mon-rezo.fr\/index.php?rest_route=\/wp\/v2\/pages\/7117","targetHints":{"allow":["GET"]}}],"collection":[{"href":"https:\/\/iag.mon-rezo.fr\/index.php?rest_route=\/wp\/v2\/pages"}],"about":[{"href":"https:\/\/iag.mon-rezo.fr\/index.php?rest_route=\/wp\/v2\/types\/page"}],"author":[{"embeddable":true,"href":"https:\/\/iag.mon-rezo.fr\/index.php?rest_route=\/wp\/v2\/users\/15"}],"replies":[{"embeddable":true,"href":"https:\/\/iag.mon-rezo.fr\/index.php?rest_route=%2Fwp%2Fv2%2Fcomments&post=7117"}],"version-history":[{"count":12,"href":"https:\/\/iag.mon-rezo.fr\/index.php?rest_route=\/wp\/v2\/pages\/7117\/revisions"}],"predecessor-version":[{"id":7248,"href":"https:\/\/iag.mon-rezo.fr\/index.php?rest_route=\/wp\/v2\/pages\/7117\/revisions\/7248"}],"up":[{"embeddable":true,"href":"https:\/\/iag.mon-rezo.fr\/index.php?rest_route=\/wp\/v2\/pages\/6968"}],"wp:featuredmedia":[{"embeddable":true,"href":"https:\/\/iag.mon-rezo.fr\/index.php?rest_route=\/wp\/v2\/media\/7118"}],"wp:attachment":[{"href":"https:\/\/iag.mon-rezo.fr\/index.php?rest_route=%2Fwp%2Fv2%2Fmedia&parent=7117"}],"curies":[{"name":"wp","href":"https:\/\/api.w.org\/{rel}","templated":true}]}}